{"id":2879,"date":"2026-01-26T13:49:54","date_gmt":"2026-01-26T13:49:54","guid":{"rendered":"https:\/\/fmcalhas.com.br\/?post_type=product&#038;p=2879"},"modified":"2026-03-09T04:38:54","modified_gmt":"2026-03-09T04:38:54","slug":"rufos","status":"publish","type":"product","link":"https:\/\/fmcalhas.com.br\/?product=rufos","title":{"rendered":"Rufos"},"content":{"rendered":"<p>Os rufos de alum\u00ednio s\u00e3o essenciais para a veda\u00e7\u00e3o entre telhados, paredes e estruturas, evitando infiltra\u00e7\u00f5es e garantindo maior prote\u00e7\u00e3o ao im\u00f3vel. Fabricados em alum\u00ednio de alta qualidade, oferecem resist\u00eancia \u00e0 corros\u00e3o, durabilidade e excelente acabamento.<br data-start=\"417\" data-end=\"420\" \/>Produzidos sob medida, proporcionam encaixe perfeito e seguran\u00e7a para aplica\u00e7\u00f5es residenciais, comerciais e industriais.<\/p>\n","protected":false},"excerpt":{"rendered":"<p>FA\u00c7A O CONTATO PELO NOSSO CANAL DE WHATSSAP<br \/>\nSOLICITE SEU OR\u00c7AMENTO E LOGO LHE RETORNAREMOS.<\/p>\n","protected":false},"featured_media":3008,"comment_status":"open","ping_status":"closed","template":"","meta":[],"product_brand":[],"product_cat":[100],"product_tag":[110],"class_list":{"0":"post-2879","1":"product","2":"type-product","3":"status-publish","4":"has-post-thumbnail","6":"product_cat-rufos","7":"product_tag-rufos","9":"first","10":"instock","11":"featured","12":"virtual","13":"product-type-simple"},"acf":[],"_links":{"self":[{"href":"https:\/\/fmcalhas.com.br\/index.php?rest_route=\/wp\/v2\/product\/2879","targetHints":{"allow":["GET"]}}],"collection":[{"href":"https:\/\/fmcalhas.com.br\/index.php?rest_route=\/wp\/v2\/product"}],"about":[{"href":"https:\/\/fmcalhas.com.br\/index.php?rest_route=\/wp\/v2\/types\/product"}],"replies":[{"embeddable":true,"href":"https:\/\/fmcalhas.com.br\/index.php?rest_route=%2Fwp%2Fv2%2Fcomments&post=2879"}],"wp:featuredmedia":[{"embeddable":true,"href":"https:\/\/fmcalhas.com.br\/index.php?rest_route=\/wp\/v2\/media\/3008"}],"wp:attachment":[{"href":"https:\/\/fmcalhas.com.br\/index.php?rest_route=%2Fwp%2Fv2%2Fmedia&parent=2879"}],"wp:term":[{"taxonomy":"product_brand","embeddable":true,"href":"https:\/\/fmcalhas.com.br\/index.php?rest_route=%2Fwp%2Fv2%2Fproduct_brand&post=2879"},{"taxonomy":"product_cat","embeddable":true,"href":"https:\/\/fmcalhas.com.br\/index.php?rest_route=%2Fwp%2Fv2%2Fproduct_cat&post=2879"},{"taxonomy":"product_tag","embeddable":true,"href":"https:\/\/fmcalhas.com.br\/index.php?rest_route=%2Fwp%2Fv2%2Fproduct_tag&post=2879"}],"curies":[{"name":"wp","href":"https:\/\/api.w.org\/{rel}","templated":true}]}}