{"id":2878,"date":"2026-01-26T13:45:46","date_gmt":"2026-01-26T13:45:46","guid":{"rendered":"https:\/\/fmcalhas.com.br\/?post_type=product&#038;p=2878"},"modified":"2026-02-02T12:56:41","modified_gmt":"2026-02-02T12:56:41","slug":"chamines","status":"publish","type":"product","link":"https:\/\/fmcalhas.com.br\/?product=chamines","title":{"rendered":"Chamin\u00e9s"},"content":{"rendered":"<p>As chamin\u00e9s de alum\u00ednio s\u00e3o projetadas para garantir a correta sa\u00edda de fuma\u00e7a e gases, proporcionando seguran\u00e7a, efici\u00eancia e melhor circula\u00e7\u00e3o do ar. Fabricadas em alum\u00ednio de alta qualidade, oferecem resist\u00eancia ao tempo, leveza e excelente durabilidade.<br data-start=\"386\" data-end=\"389\" data-is-only-node=\"\" \/>Produzidas sob medida, as chamin\u00e9s de alum\u00ednio se adaptam a diferentes tipos de telhados e aplica\u00e7\u00f5es, com acabamento profissional que une funcionalidade e est\u00e9tica.<\/p>\n","protected":false},"excerpt":{"rendered":"<p>FA\u00c7A O CONTATO PELO NOSSO CANAL DE WHATSSAP<br \/>\nSOLICITE SEU OR\u00c7AMENTO E LOGO LHE RETORNAREMOS.<\/p>\n","protected":false},"featured_media":3009,"comment_status":"open","ping_status":"closed","template":"","meta":[],"product_brand":[],"product_cat":[103],"product_tag":[112],"class_list":{"0":"post-2878","1":"product","2":"type-product","3":"status-publish","4":"has-post-thumbnail","6":"product_cat-chamines","7":"product_tag-chamines","9":"first","10":"instock","11":"featured","12":"virtual","13":"product-type-simple"},"acf":[],"_links":{"self":[{"href":"https:\/\/fmcalhas.com.br\/index.php?rest_route=\/wp\/v2\/product\/2878","targetHints":{"allow":["GET"]}}],"collection":[{"href":"https:\/\/fmcalhas.com.br\/index.php?rest_route=\/wp\/v2\/product"}],"about":[{"href":"https:\/\/fmcalhas.com.br\/index.php?rest_route=\/wp\/v2\/types\/product"}],"replies":[{"embeddable":true,"href":"https:\/\/fmcalhas.com.br\/index.php?rest_route=%2Fwp%2Fv2%2Fcomments&post=2878"}],"wp:featuredmedia":[{"embeddable":true,"href":"https:\/\/fmcalhas.com.br\/index.php?rest_route=\/wp\/v2\/media\/3009"}],"wp:attachment":[{"href":"https:\/\/fmcalhas.com.br\/index.php?rest_route=%2Fwp%2Fv2%2Fmedia&parent=2878"}],"wp:term":[{"taxonomy":"product_brand","embeddable":true,"href":"https:\/\/fmcalhas.com.br\/index.php?rest_route=%2Fwp%2Fv2%2Fproduct_brand&post=2878"},{"taxonomy":"product_cat","embeddable":true,"href":"https:\/\/fmcalhas.com.br\/index.php?rest_route=%2Fwp%2Fv2%2Fproduct_cat&post=2878"},{"taxonomy":"product_tag","embeddable":true,"href":"https:\/\/fmcalhas.com.br\/index.php?rest_route=%2Fwp%2Fv2%2Fproduct_tag&post=2878"}],"curies":[{"name":"wp","href":"https:\/\/api.w.org\/{rel}","templated":true}]}}