{"id":2944,"date":"2026-01-28T17:34:34","date_gmt":"2026-01-28T17:34:34","guid":{"rendered":"https:\/\/fmcalhas.com.br\/?page_id=2944"},"modified":"2026-01-28T17:34:35","modified_gmt":"2026-01-28T17:34:35","slug":"politica-de-cupons-e-descontos","status":"publish","type":"page","link":"https:\/\/fmcalhas.com.br\/?page_id=2944","title":{"rendered":"Politica de Cupons e Descontos"},"content":{"rendered":"\n<h2 class=\"wp-block-heading\"><strong>Pol\u00edtica de Uso de Cupons \u2013 FM Calhas<\/strong><\/h2>\n\n\n\n<p>A <strong>FM Calhas<\/strong> disponibiliza cupons promocionais com o objetivo de oferecer benef\u00edcios aos seus clientes. Para garantir transpar\u00eancia, o uso dos cupons segue as condi\u00e7\u00f5es abaixo:<\/p>\n\n\n\n<h3 class=\"wp-block-heading\"><strong>1. Aplica\u00e7\u00e3o do cupom<\/strong><\/h3>\n\n\n\n<p>Para utilizar um cupom de desconto, o cliente dever\u00e1:<\/p>\n\n\n\n<ul class=\"wp-block-list\">\n<li>Adicionar o(s) produto(s) desejado(s) ao carrinho;<\/li>\n\n\n\n<li>Informar o c\u00f3digo do cupom no campo <strong>\u201cCupom de desconto\u201d<\/strong> durante a finaliza\u00e7\u00e3o da compra;<\/li>\n\n\n\n<li>Confirmar a aplica\u00e7\u00e3o antes de concluir o pedido.<\/li>\n<\/ul>\n\n\n\n<h3 class=\"wp-block-heading\"><strong>2. Validade e disponibilidade<\/strong><\/h3>\n\n\n\n<ul class=\"wp-block-list\">\n<li>Os cupons possuem <strong>prazo de validade<\/strong> e <strong>quantidade limitada<\/strong>, conforme divulgado na promo\u00e7\u00e3o;<\/li>\n\n\n\n<li>A aplica\u00e7\u00e3o do cupom no carrinho <strong>n\u00e3o garante sua reserva<\/strong>. O desconto s\u00f3 \u00e9 confirmado ap\u00f3s a <strong>finaliza\u00e7\u00e3o do pedido<\/strong>.<\/li>\n<\/ul>\n\n\n\n<h3 class=\"wp-block-heading\"><strong>3. Regras de uso<\/strong><\/h3>\n\n\n\n<ul class=\"wp-block-list\">\n<li>Os cupons n\u00e3o s\u00e3o cumulativos com outras promo\u00e7\u00f5es, salvo quando expressamente informado;<\/li>\n\n\n\n<li>Podem ser v\u00e1lidos apenas para produtos, categorias ou valores m\u00ednimos espec\u00edficos;<\/li>\n\n\n\n<li>Cada cupom poder\u00e1 ser utilizado <strong>uma \u00fanica vez por cliente<\/strong>, salvo indica\u00e7\u00e3o contr\u00e1ria.<\/li>\n<\/ul>\n\n\n\n<h3 class=\"wp-block-heading\"><strong>4. Cancelamento e estorno<\/strong><\/h3>\n\n\n\n<p>Em caso de cancelamento ou devolu\u00e7\u00e3o do pedido, o cupom utilizado <strong>n\u00e3o ser\u00e1 reativado<\/strong> e n\u00e3o poder\u00e1 ser reutilizado.<\/p>\n\n\n\n<h3 class=\"wp-block-heading\"><strong>5. Altera\u00e7\u00f5es<\/strong><\/h3>\n\n\n\n<p>A FM Calhas se reserva o direito de <strong>alterar ou encerrar cupons promocionais a qualquer momento<\/strong>, sem aviso pr\u00e9vio.<\/p>\n\n\n\n<h3 class=\"wp-block-heading\"><strong>6. D\u00favidas<\/strong><\/h3>\n\n\n\n<p>Para mais informa\u00e7\u00f5es sobre cupons promocionais, entre em contato com a <strong>FM Calhas<\/strong> por meio dos canais oficiais de atendimento.<\/p>\n","protected":false},"excerpt":{"rendered":"<p>Pol\u00edtica de Uso de Cupons \u2013 FM Calhas A FM Calhas disponibiliza cupons promocionais com o objetivo de oferecer benef\u00edcios aos seus clientes. Para garantir transpar\u00eancia, o uso dos cupons segue as condi\u00e7\u00f5es abaixo: 1. Aplica\u00e7\u00e3o do cupom Para utilizar um cupom de desconto, o cliente dever\u00e1: 2. Validade e disponibilidade 3. Regras de uso 4. Cancelamento e estorno Em caso de cancelamento ou devolu\u00e7\u00e3o do pedido, o cupom utilizado n\u00e3o ser\u00e1 reativado e n\u00e3o poder\u00e1 ser reutilizado. 5. Altera\u00e7\u00f5es A FM Calhas se reserva o direito de alterar ou encerrar cupons promocionais a qualquer momento, sem aviso pr\u00e9vio. 6. D\u00favidas Para mais informa\u00e7\u00f5es sobre cupons promocionais, entre em contato com a FM Calhas por meio dos canais oficiais de atendimento.<\/p>\n","protected":false},"author":1,"featured_media":0,"parent":0,"menu_order":0,"comment_status":"closed","ping_status":"closed","template":"","meta":{"footnotes":""},"class_list":["post-2944","page","type-page","status-publish","hentry"],"acf":[],"_links":{"self":[{"href":"https:\/\/fmcalhas.com.br\/index.php?rest_route=\/wp\/v2\/pages\/2944","targetHints":{"allow":["GET"]}}],"collection":[{"href":"https:\/\/fmcalhas.com.br\/index.php?rest_route=\/wp\/v2\/pages"}],"about":[{"href":"https:\/\/fmcalhas.com.br\/index.php?rest_route=\/wp\/v2\/types\/page"}],"author":[{"embeddable":true,"href":"https:\/\/fmcalhas.com.br\/index.php?rest_route=\/wp\/v2\/users\/1"}],"replies":[{"embeddable":true,"href":"https:\/\/fmcalhas.com.br\/index.php?rest_route=%2Fwp%2Fv2%2Fcomments&post=2944"}],"version-history":[{"count":1,"href":"https:\/\/fmcalhas.com.br\/index.php?rest_route=\/wp\/v2\/pages\/2944\/revisions"}],"predecessor-version":[{"id":2945,"href":"https:\/\/fmcalhas.com.br\/index.php?rest_route=\/wp\/v2\/pages\/2944\/revisions\/2945"}],"wp:attachment":[{"href":"https:\/\/fmcalhas.com.br\/index.php?rest_route=%2Fwp%2Fv2%2Fmedia&parent=2944"}],"curies":[{"name":"wp","href":"https:\/\/api.w.org\/{rel}","templated":true}]}}